{"id":14,"date":"2018-05-29T11:13:24","date_gmt":"2018-05-29T11:13:24","guid":{"rendered":"http:\/\/xtratheme.com\/default\/?page_id=14"},"modified":"2021-06-12T10:45:09","modified_gmt":"2021-06-12T07:15:09","slug":"faq-telegram-bot","status":"publish","type":"page","link":"https:\/\/smartbotsland.com\/de\/faq-telegram-bot\/","title":{"rendered":"FAQ"},"content":{"rendered":"<p>[vc_row css=&#8221;.vc_custom_1529481597238{margin-top: 0px !important;}&#8221;][vc_column]<div id=\"cz_38049\" class=\"cz_38049 cz_title clr cz_title_ba_line cz_title_pos_inline tac wpb_animate_when_almost_visible fadeIn\"><div class=\"cz_title_content\"><div class=\"cz_wpe_content\"><h3 style=\"text-align: center;\"><span style=\"letter-spacing: 3px; color: #2e3192; font-size: 16px; font-weight: 400;\">F A Q<\/span><\/h3>\n<\/div><div class=\"cz_title_line cz_line_after_title\"><span>_<\/span><\/div><\/div><\/div><div id=\"cz_21478\" class=\"cz_21478 cz_title clr cz_title_pos_inline tac wpb_animate_when_almost_visible fadeIn\"><div class=\"cz_title_content\"><div class=\"cz_wpe_content\"><h2 style=\"text-align: center;\">Haben Sie irgendwelche Fragen?<\/h2>\n<\/div><\/div><\/div><div class=\"cz_gap clr  hide_on_mobile\" style=\"height: 70px\"><\/div><div class=\"cz_gap show_on_mobile clr\" style=\"height: 30px\"><\/div>[\/vc_column][\/vc_row][vc_row full_width=&#8221;stretch_row&#8221; css=&#8221;.vc_custom_1529393481052{background-image: url(https:\/\/xtratheme.com\/smart-home\/wp-content\/uploads\/sites\/58\/2018\/06\/bg1.jpg?id=505) !important;background-position: 0 0 !important;background-repeat: no-repeat !important;}&#8221;][vc_column]<div id=\"cz_106217\" class=\"cz_106217 cz_tabs clr cz_tabs_htc cz_tabs_blur\"><div class=\"cz_tabs_content\"><a class=\"cz_tab_a hide\" data-tab=\"cz_56828\" href=\"#\"><span class=\"cz_tab_in_title\">Nachrichten<\/span><\/a><div id=\"cz_56828\" class=\"cz_tab\"><div><div id=\"cz_35372\" data-arrows='{\"open\":\"fa czico-188-arrows-2\",\"close\":\"fa czico-194-download\"}' class=\"cz_35372 cz_acc clr cz_acc_first_open\"><div><div id=\"\"><span class=\"cz_acc_child\"><div>Wie kann ich den ``News``-Button aktivieren?<\/div><\/span><div class=\"cz_acc_child_content clr\">[vc_column_text]Wenn Sie die Standardschaltfl\u00e4che &#8220;News&#8221; aktivieren m\u00f6chten,<br \/>\n-Geben Sie die Bot-Buttons ein,<br \/>\n-Klicken Sie dann auf &#8220;Bearbeiten&#8221; der &#8220;Start-Schaltfl\u00e4che&#8221; oder jede der &#8220;Basis&#8221;-Schaltfl\u00e4chen.<br \/>\n&#8211; Klicken Sie im Abschnitt &#8220;Standard-Untermen\u00fcs ausw\u00e4hlen&#8221; auf die Schaltfl\u00e4che &#8220;News&#8221; und aktivieren Sie sie.<br \/>\n-Klicken Sie unten im Fenster auf &#8220;Bearbeiten&#8221;.[\/vc_column_text]<\/div><\/div><\/div><\/div><\/div><\/div><a class=\"cz_tab_a hide\" data-tab=\"cz_96524\" href=\"#\"><span class=\"cz_tab_in_title\">Dateiverwaltung<\/span><\/a><div id=\"cz_96524\" class=\"cz_tab\"><div><div id=\"cz_35372\" data-arrows='{\"open\":\"fa czico-188-arrows-2\",\"close\":\"fa czico-194-download\"}' class=\"cz_35372 cz_acc clr cz_acc_first_open\"><div><div id=\"\"><span class=\"cz_acc_child\"><div>Wie speichere ich die ben\u00f6tigten Dateien im SmartBotsLand-Panel?<\/div><\/span><div class=\"cz_acc_child_content clr\">[vc_column_text]Sie k\u00f6nnen Ihre Datei auf zwei Arten im Panel speichern und sie bei Bedarf als Inhalt Ihrer Telegramm-Bot-Schaltfl\u00e4chen verwenden.<br \/>\n1-Hochladen von Dateien \u00fcber das Smartbotsland Bot Maker Panel:<br \/>\n-Sie m\u00fcssen zuerst Kategorien f\u00fcr Ihre Dateien erstellen. W\u00e4hlen Sie also &#8220;Dateikategorien&#8221; aus dem Men\u00fc &#8220;Dateiverwaltung&#8221;.<br \/>\n-W\u00e4hlen Sie &#8220;Dateien&#8221; aus dem Men\u00fc &#8220;Dateiverwaltung&#8221;.<br \/>\n-Klicken Sie auf &#8220;Neu&#8221; und w\u00e4hlen Sie eine Kategorie und f\u00fcgen Sie eine oder mehrere Dateien hinzu und dr\u00fccken Sie zuletzt &#8220;Speichern&#8221;<\/p>\n<p>2-Hochladen von Dateien \u00fcber Ihren Telegram-Bot:<br \/>\n-Run \/management-Befehl in Ihrem Bot<br \/>\n-W\u00e4hlen Sie die Schaltfl\u00e4che &#8220;Dateien senden&#8221;<br \/>\n-Geben Sie einen Namen f\u00fcr Ihre Datei ein, zum Beispiel: picture1<br \/>\n&#8211; H\u00e4ngen Sie Ihre Datei an<br \/>\n&#8211; Dann loggen Sie sich in Ihr Admin-Panel ein und w\u00e4hlen Sie &#8220;Dateien&#8221; aus dem Men\u00fc &#8220;Dateiverwaltung&#8221;.<br \/>\n-Klicken Sie auf &#8220;Bearbeiten&#8221; der hochgeladenen Datei und w\u00e4hlen Sie eine Kategorie daf\u00fcr.[\/vc_column_text]<\/div><\/div><\/div><\/div><\/div><\/div><a class=\"cz_tab_a hide\" data-tab=\"cz_73197\" href=\"#\"><span class=\"cz_tab_in_title\">Nachricht senden<\/span><\/a><div id=\"cz_73197\" class=\"cz_tab\"><div><div id=\"cz_35372\" data-arrows='{\"open\":\"fa czico-188-arrows-2\",\"close\":\"fa czico-194-download\"}' class=\"cz_35372 cz_acc clr cz_acc_first_open\"><div><div id=\"\"><span class=\"cz_acc_child\"><div>Wie kann ich eine Nachricht an meinen Kanal oder meine Gruppe senden?<\/div><\/span><div class=\"cz_acc_child_content clr\">[vc_column_text]Nachdem Sie Ihren Bot zu Ihrem Kanal oder Ihrer Gruppe hinzugef\u00fcgt haben, w\u00e4hlen Sie \u201eGruppennachricht\u201c aus dem Men\u00fc \u201eNachrichten\u201c. Nachdem Sie Ihren Text oder Ihre Datei zum Senden festgelegt haben, w\u00e4hlen Sie Ihre Gruppe oder Ihren Kanal im Abschnitt &#8220;Kontakt ausw\u00e4hlen&#8221;.[\/vc_column_text]<\/div><\/div><div id=\"\"><span class=\"cz_acc_child\"><div>Welche Art von Nachrichten kann ich \u00fcber das Admin-Panel an meine Telegram-Bot-Benutzer senden?<\/div><\/span><div class=\"cz_acc_child_content clr\">[vc_column_text]Sie k\u00f6nnen \u00fcber das SmartBotsLand Bot Maker-Panel jede Art von Nachricht wie Text, Fotos, Dateien usw. an Ihre Bot-Benutzer senden.[\/vc_column_text]<\/div><\/div><\/div><\/div><\/div><\/div><a class=\"cz_tab_a hide\" data-tab=\"cz_101419\" href=\"#\"><span class=\"cz_tab_in_title\">Gesch\u00e4ft<\/span><\/a><div id=\"cz_101419\" class=\"cz_tab\"><div><div id=\"cz_35372\" data-arrows='{\"open\":\"fa czico-188-arrows-2\",\"close\":\"fa czico-194-download\"}' class=\"cz_35372 cz_acc clr cz_acc_first_open\"><div><div id=\"\"><span class=\"cz_acc_child\"><div>Wie richte ich einen Shop im SmartBotland Bot Maker Panel ein?<\/div><\/span><div class=\"cz_acc_child_content clr\">[vc_column_text]\u00d6ffnen Sie das Men\u00fc &#8220;Store&#8221; und w\u00e4hlen Sie Meine Stores und dann die Schaltfl\u00e4che &#8220;Neu&#8221;.[\/vc_column_text]<\/div><\/div><\/div><\/div><\/div><\/div><a class=\"cz_tab_a hide\" data-tab=\"cz_11719\" href=\"#\"><span class=\"cz_tab_in_title\">Gruppe&amp;Kanal<\/span><\/a><div id=\"cz_11719\" class=\"cz_tab\"><div><div id=\"cz_35372\" data-arrows='{\"open\":\"fa czico-188-arrows-2\",\"close\":\"fa czico-194-download\"}' class=\"cz_35372 cz_acc clr cz_acc_first_open\"><div><div id=\"\"><span class=\"cz_acc_child\"><div>Wie kann ich ``Gruppenverwaltung`` im Smartbotsland Bot Maker Panel verwenden?<\/div><\/span><div class=\"cz_acc_child_content clr\">[vc_column_text]Sie m\u00fcssen Ihren Bot als Administrator zur Gruppe hinzuf\u00fcgen. W\u00e4hlen Sie dann im SmartBotsLand-Panel &#8220;Gruppenverwaltung&#8221;. Jetzt k\u00f6nnen Sie vor Ihrem Gruppennamen auf die Schaltfl\u00e4che &#8220;Einstellungen&#8221; klicken.[\/vc_column_text]<\/div><\/div><div id=\"\"><span class=\"cz_acc_child\"><div>Wie kann ich meinen Kanalnamen im Abschnitt ``Kanalverwaltung`` im Smartbotsland Bot Maker Panel sehen?<\/div><\/span><div class=\"cz_acc_child_content clr\">[vc_column_text]Sie m\u00fcssen Ihren Bot als Administrator in Ihrem Kanal hinzuf\u00fcgen. Dann m\u00fcssen Sie Ihre Kanal-ID in der &#8220;Kanalverwaltung&#8221; registrieren.[\/vc_column_text]<\/div><\/div><\/div><\/div><\/div><\/div><a class=\"cz_tab_a hide\" data-tab=\"cz_49873\" href=\"#\"><span class=\"cz_tab_in_title\">Betreiber&amp;Support<\/span><\/a><div id=\"cz_49873\" class=\"cz_tab\"><div><div id=\"cz_35372\" data-arrows='{\"open\":\"fa czico-188-arrows-2\",\"close\":\"fa czico-194-download\"}' class=\"cz_35372 cz_acc clr cz_acc_first_open\"><div><div id=\"\"><span class=\"cz_acc_child\"><div>Wie definiere ich einen Operator f\u00fcr meinen Telegram-Bot in smartbotsland?<\/div><\/span><div class=\"cz_acc_child_content clr\">[vc_column_text]Sie haben zwei M\u00f6glichkeiten, einen Operator im Smartbatland-Bedienfeld zu definieren. Aber am einfachsten und schnellsten geht es so:<br \/>\n1-W\u00e4hlen Sie &#8220;Alle Benutzer&#8221; aus dem Men\u00fc &#8220;Bot-Benutzer&#8221;.<br \/>\n2-Suchen Sie Ihren gew\u00fcnschten Namen oder Ihre ID in der Liste.<br \/>\n3- Klicken Sie vor diesem Namen auf die Schaltfl\u00e4che &#8220;Bedienerdefinition&#8221;[\/vc_column_text]<\/div><\/div><div id=\"\"><span class=\"cz_acc_child\"><div>Was k\u00f6nnen Bot-Betreiber tun?<\/div><\/span><div class=\"cz_acc_child_content clr\">[vc_column_text]Sie k\u00f6nnen:<br \/>\n-Empfangen Sie die Berichte der Formular-Builder-Schaltfl\u00e4chen und beantworten Sie sie per Bot.<br \/>\n-Empfangen und beantworten Sie Nachrichten, die von den Benutzern \u00fcber die Schaltfl\u00e4chen &#8220;Kontakt&#8221; und &#8220;Ticket senden&#8221; gesendet wurden.<br \/>\n-Senden Sie Dateien per Bot an das Panel.<br \/>\n&#8211; Senden Sie Nachrichten \u00fcber den Bot an alle Ihre Bot-Benutzer.[\/vc_column_text]<\/div><\/div><\/div><\/div><\/div><\/div><a class=\"cz_tab_a hide\" data-tab=\"cz_49752\" href=\"#\"><span class=\"cz_tab_in_title\">Tasten<\/span><\/a><div id=\"cz_49752\" class=\"cz_tab\"><div><div id=\"cz_35372\" data-arrows='{\"open\":\"fa czico-188-arrows-2\",\"close\":\"fa czico-194-download\"}' class=\"cz_35372 cz_acc clr cz_acc_first_open\"><div><div id=\"\"><span class=\"cz_acc_child\"><div>Wie kann ich Schaltfl\u00e4chen f\u00fcr meinen Telegram-Bot erstellen?<\/div><\/span><div class=\"cz_acc_child_content clr\">[vc_column_text]W\u00e4hlen Sie &#8220;Bot Buttons&#8221; und klicken Sie auf &#8220;New&#8221; und w\u00e4hlen Sie dann einen der Button-Typen aus.[\/vc_column_text]<\/div><\/div><div id=\"\"><span class=\"cz_acc_child\"><div>Was ist der ``Basic``-Button?<\/div><\/span><div class=\"cz_acc_child_content clr\">[vc_column_text]Sie k\u00f6nnen den Benutzern \u00fcber die Schaltfl\u00e4chen &#8220;Basic&#8221; jede Art von Informationen anzeigen.[\/vc_column_text]<\/div><\/div><div id=\"\"><span class=\"cz_acc_child\"><div>Was ist der ``Form-Builder``-Button?<\/div><\/span><div class=\"cz_acc_child_content clr\">[vc_column_text]Wenn Sie Informationen von Ihren Bot-Benutzern ben\u00f6tigen, k\u00f6nnen Sie einen &#8220;Form-Builder&#8221;-Button erstellen.[\/vc_column_text]<\/div><\/div><div id=\"\"><span class=\"cz_acc_child\"><div>Was ist die Schaltfl\u00e4che ``Umfrage``?<\/div><\/span><div class=\"cz_acc_child_content clr\">[vc_column_text]Wenn Ihnen das Feedback Ihrer Benutzer wichtig ist, k\u00f6nnen Sie mit der Schaltfl\u00e4che &#8220;Umfrage&#8221; verschiedene Fragen mit Multiple-Choice-Antworten stellen.[\/vc_column_text]<\/div><\/div><div id=\"\"><span class=\"cz_acc_child\"><div>Was ist die Schaltfl\u00e4che ``Individuell``?<\/div><\/span><div class=\"cz_acc_child_content clr\">[vc_column_text]Wenn Sie jedem Benutzer individuell bestimmte Informationen anzeigen m\u00f6chten, sollten Sie einen &#8220;Individuellen&#8221; Button erstellen.[\/vc_column_text]<\/div><\/div><div id=\"\"><span class=\"cz_acc_child\"><div>Was sind Standardschaltfl\u00e4chen? Und wie kann ich sie aktivieren?<\/div><\/span><div class=\"cz_acc_child_content clr\">[vc_column_text]SmartBotsLand hat einige n\u00fctzliche Schaltfl\u00e4chen f\u00fcr Sie erstellt, wie zum Beispiel:<br \/>\n\u201eAnmelden\u201c, \u201eFreunde einladen\u201c, \u201eStore\u201c, \u201eKontaktieren Sie uns\u201c, \u201eTicket senden\u201c, \u201eNews\u201c, \u201eLocator\u201c.<br \/>\nWenn Sie jede davon aktivieren m\u00f6chten, klicken Sie auf &#8220;Bearbeiten&#8221; der &#8220;Startschaltfl\u00e4che&#8221; oder auf jede der &#8220;Basisschaltfl\u00e4chen&#8221;.<br \/>\nKlicken Sie im Abschnitt &#8220;Standard-Untermen\u00fcs ausw\u00e4hlen&#8221; auf jede der Standardschaltfl\u00e4chen und aktivieren Sie sie.<br \/>\nKlicken Sie unten im Fenster auf &#8220;Bearbeiten&#8221;.[\/vc_column_text]<\/div><\/div><\/div><\/div><\/div><\/div><a class=\"cz_tab_a hide\" data-tab=\"cz_28787\" href=\"#\"><span class=\"cz_tab_in_title\">Bot-Benutzer<\/span><\/a><div id=\"cz_28787\" class=\"cz_tab\"><div><div id=\"cz_35372\" data-arrows='{\"open\":\"fa czico-188-arrows-2\",\"close\":\"fa czico-194-download\"}' class=\"cz_35372 cz_acc clr cz_acc_first_open\"><div><div id=\"\"><span class=\"cz_acc_child\"><div>Wie kann ich meine Telegramm-Bot-Benutzer im Smartbotsland-Panel sehen?<\/div><\/span><div class=\"cz_acc_child_content clr\">[vc_column_text]Wenn Sie das Smartbotland Bot Maker-Panel \u00f6ffnen, w\u00e4hlen Sie &#8220;Alle Benutzer&#8221; aus dem Men\u00fc &#8220;Bot-Benutzer&#8221;.[\/vc_column_text]<\/div><\/div><div id=\"\"><span class=\"cz_acc_child\"><div>Was sind die Funktionen f\u00fcr alle Benutzer?<\/div><\/span><div class=\"cz_acc_child_content clr\">[vc_column_text]Sie k\u00f6nnen die aktiven Benutzer sehen, die Anzahl der Personen, die von jedem Benutzer zum Bot eingeladen wurden, die Bedienerschaltfl\u00e4che f\u00fcr jeden Benutzer festlegen usw.[\/vc_column_text]<\/div><\/div><div id=\"\"><span class=\"cz_acc_child\"><div>Wie k\u00f6nnen sich meine Benutzer im Bot registrieren?<\/div><\/span><div class=\"cz_acc_child_content clr\">[vc_column_text]<\/p>\n<p style=\"text-align: justify;\">1-Zuerst sollten Sie die Schaltfl\u00e4che &#8220;ANMELDEN&#8221; aktivieren. Daf\u00fcr,<br \/>\nW\u00e4hlen Sie &#8220;Bot-Schaltfl\u00e4chen&#8221;<br \/>\nW\u00e4hlen Sie die Schaltfl\u00e4che &#8220;Bearbeiten&#8221; der Schaltfl\u00e4che &#8220;Start&#8221; oder &#8220;Grundlegende Schaltfl\u00e4chen&#8221;.<br \/>\nW\u00e4hlen Sie im Abschnitt &#8220;Standard-Untermen\u00fcs ausw\u00e4hlen&#8221; die Schaltfl\u00e4che &#8221; ANMELDEN&#8221;.<br \/>\ndr\u00fccken Sie die Schaltfl\u00e4che &#8220;Bearbeiten&#8221;.<br \/>\n2- W\u00e4hlen Sie als n\u00e4chstes &#8220;Fragen registrieren&#8221; aus dem Men\u00fc &#8220;Bot-Benutzer&#8221; und definieren Sie Ihre Fragen.<\/p>\n<p>[\/vc_column_text]<\/div><\/div><\/div><\/div><\/div><\/div><a class=\"cz_tab_a hide\" data-tab=\"cz_29868\" href=\"#\"><span class=\"cz_tab_in_title\">Bot erstellen und bearbeiten<\/span><\/a><div id=\"cz_29868\" class=\"cz_tab\"><div><div id=\"cz_35372\" data-arrows='{\"open\":\"fa czico-188-arrows-2\",\"close\":\"fa czico-194-download\"}' class=\"cz_35372 cz_acc clr cz_acc_first_open\"><div><div id=\"\"><span class=\"cz_acc_child\"><div>Wie bekomme ich Token f\u00fcr einen Bot?<\/div><\/span><div class=\"cz_acc_child_content clr\">[vc_column_text]Folgen Sie den unteren Schritten<br \/>\n1-Zuerst @botfather im Telegramm suchen und starten.<br \/>\n2-Dann verwenden Sie den Befehl \/newbot<br \/>\n3-Geben Sie einen Namen f\u00fcr Ihren Bot ein<br \/>\n4-Dann gib eine ID f\u00fcr deinen Bot ein<br \/>\nBeachten Sie, dass Sie am Ende Ihrer ID &#8220;Bot&#8221; oder &#8220;_Bot&#8221; verwenden m\u00fcssen[\/vc_column_text]<\/div><\/div><div id=\"\"><span class=\"cz_acc_child\"><div>Wie kann ich meinen Bot im Smart Bots Land Panel registrieren?<\/div><\/span><div class=\"cz_acc_child_content clr\">[vc_column_text]Sie k\u00f6nnen dies auf zwei Arten tun:<br \/>\n1-registriere es \u00fcber unseren Telegramm-Bot-Hersteller: @SmartBotsLand_Bot<br \/>\n2-Registrieren Sie es \u00fcber das Admin-Panel:<br \/>\nPnl.SmartBotsLand.com[\/vc_column_text]<\/div><\/div><div id=\"\"><span class=\"cz_acc_child\"><div>Was passiert mit meinem Bot, wenn ich mein Telegrammkonto l\u00f6sche?<\/div><\/span><div class=\"cz_acc_child_content clr\">[vc_column_text]Seien Sie vorsichtig, wenn Sie Ihr Telegram-Konto l\u00f6schen, wird Ihr Bot vom BotFather gel\u00f6scht und Sie verlieren alle Ihre Bot-Benutzer. Auch die Dateien, die Sie f\u00fcr Ihren Bot im Panel hochgeladen haben, gehen ebenfalls verloren. Aber alle Ihre Schaltfl\u00e4chen, Einstellungen und Informationen in SmartBotsLand werden gesch\u00fctzt und Sie m\u00fcssen nur einen neuen Token ersetzen.[\/vc_column_text]<\/div><\/div><div id=\"\"><span class=\"cz_acc_child\"><div>Wie kann ich fertige Vorlagen von SmartBotsLand f\u00fcr meinen Bot verwenden oder \u00e4ndern?<\/div><\/span><div class=\"cz_acc_child_content clr\">[vc_column_text]VORSICHT Wenn Sie Ihre Vorlage \u00e4ndern, werden alle Schaltfl\u00e4chen und deren Inhalt der vorherigen oder sogar der von Ihnen erstellten Vorlage gel\u00f6scht und die neue ersetzt.<br \/>\nWenn es in Ordnung ist, k\u00f6nnen Sie &#8220;Bot Templates&#8221; aus dem Men\u00fc &#8220;Bot Management&#8221; im Panel ausw\u00e4hlen.[\/vc_column_text]<\/div><\/div><div id=\"\"><span class=\"cz_acc_child\"><div>Wo kann ich die Funktionen des SmartBotsLand Bot Maker Panels sehen?<\/div><\/span><div class=\"cz_acc_child_content clr\">[vc_column_text]Sie k\u00f6nnen die Liste der Funktionen jeder Version unter folgendem Link einsehen: https:\/\/smartbotsland.com\/de\/pricing\/[\/vc_column_text]<\/div><\/div><div id=\"\"><span class=\"cz_acc_child\"><div>Wie kann ich mein Bot-Token ersetzen oder meine Bot-Informationen bearbeiten?<\/div><\/span><div class=\"cz_acc_child_content clr\">[vc_column_text]W\u00e4hlen Sie \u201eBots\u201c aus dem Men\u00fc \u201eBot-Verwaltung\u201c. W\u00e4hlen Sie Ihren Bot aus und klicken Sie dann auf die Schaltfl\u00e4che &#8220;Bearbeiten&#8221;.[\/vc_column_text]<\/div><\/div><div id=\"\"><span class=\"cz_acc_child\"><div>Wie kann ich mein Panel aktualisieren?<\/div><\/span><div class=\"cz_acc_child_content clr\">[vc_column_text]Wenn Sie das Smartbotland Bot Maker Panel aufrufen,<br \/>\n1-W\u00e4hlen Sie oben rechts die Schaltfl\u00e4che &#8220;Panel aktualisieren&#8221;.<br \/>\n2-W\u00e4hlen Sie dann die Version und den Zeitraum aus.<br \/>\n3- W\u00e4hlen Sie zuletzt Ihr bevorzugtes Zahlungsportal aus.[\/vc_column_text]<\/div><\/div><\/div><\/div><\/div><\/div><\/div><\/div><div class=\"cz_gap clr \" style=\"height: 150px\"><\/div>[vc_row_inner][vc_column_inner width=&#8221;1\/2&#8243;]<div id=\"cz_57118\" class=\"cz_57118 cz_title clr cz_title_ba_line cz_title_pos_inline wpb_animate_when_almost_visible fadeIn\"><div class=\"cz_title_content\"><div class=\"cz_wpe_content\"><h3 style=\"text-align: left;\"><span style=\"font-size: 16px; color: #2e3192;\">BILDEN<\/span><\/h3>\n<\/div><div class=\"cz_title_line cz_line_after_title\"><span>_<\/span><\/div><\/div><\/div><div id=\"cz_84231\" class=\"cz_84231 cz_title clr cz_mobile_text_center cz_title_pos_inline wpb_animate_when_almost_visible fadeIn\"><div class=\"cz_title_content\"><div class=\"cz_wpe_content\"><h2>Nicht gefunden? Frag uns<\/h2>\n<\/div><\/div><\/div><div id=\"cz_29820\" class=\"cz_29820 cz_title clr cz_mobile_text_center cz_title_pos_inline wpb_animate_when_almost_visible fadeIn\"><div class=\"cz_title_content\"><div class=\"cz_wpe_content\"><p>Wenn Sie Fragen zu Smartbotsland haben, f\u00fcllen Sie einfach das untenstehende Formular aus, damit wir Ihre Frage beim ersten Mal beantworten k\u00f6nnen.<\/p>\n<\/div><\/div><\/div>[\/vc_column_inner][vc_column_inner width=&#8221;1\/2&#8243;]<div id=\"cz_101137\" class=\"cz_101137 cz_cf7 clr\"><div>\n<div class=\"wpcf7 no-js\" id=\"wpcf7-f126-o1\" lang=\"en-US\" dir=\"ltr\" data-wpcf7-id=\"126\">\n<div class=\"screen-reader-response\"><p role=\"status\" aria-live=\"polite\" aria-atomic=\"true\"><\/p> <ul><\/ul><\/div>\n<form action=\"\/de\/wp-json\/wp\/v2\/pages\/14#wpcf7-f126-o1\" method=\"post\" class=\"wpcf7-form init\" aria-label=\"Contact form\" novalidate=\"novalidate\" data-status=\"init\">\n<div style=\"display: none;\">\n<input type=\"hidden\" name=\"_wpcf7\" value=\"126\" \/>\n<input type=\"hidden\" name=\"_wpcf7_version\" value=\"6.0.6\" \/>\n<input type=\"hidden\" name=\"_wpcf7_locale\" value=\"en_US\" \/>\n<input type=\"hidden\" name=\"_wpcf7_unit_tag\" value=\"wpcf7-f126-o1\" \/>\n<input type=\"hidden\" name=\"_wpcf7_container_post\" value=\"0\" \/>\n<input type=\"hidden\" name=\"_wpcf7_posted_data_hash\" value=\"\" \/>\n<\/div>\n<p><span class=\"wpcf7-form-control-wrap\" data-name=\"your-name\"><input size=\"40\" maxlength=\"400\" class=\"wpcf7-form-control wpcf7-text wpcf7-validates-as-required\" aria-required=\"true\" aria-invalid=\"false\" placeholder=\"Dein Name (*)\" value=\"\" type=\"text\" name=\"your-name\" \/><\/span>\n<\/p>\n<p><span class=\"wpcf7-form-control-wrap\" data-name=\"your-country\"><input size=\"40\" maxlength=\"400\" class=\"wpcf7-form-control wpcf7-text wpcf7-validates-as-required\" aria-required=\"true\" aria-invalid=\"false\" placeholder=\"Dein Land (*)\" value=\"\" type=\"text\" name=\"your-country\" \/><\/span>\n<\/p>\n<p><span class=\"wpcf7-form-control-wrap\" data-name=\"your-email\"><input size=\"40\" maxlength=\"400\" class=\"wpcf7-form-control wpcf7-email wpcf7-validates-as-required wpcf7-text wpcf7-validates-as-email\" aria-required=\"true\" aria-invalid=\"false\" placeholder=\"Deine E-Mail (*)\" value=\"\" type=\"email\" name=\"your-email\" \/><\/span>\n<\/p>\n<p><span class=\"wpcf7-form-control-wrap\" data-name=\"your-telegramid\"><input size=\"40\" maxlength=\"400\" class=\"wpcf7-form-control wpcf7-text wpcf7-validates-as-required\" aria-required=\"true\" aria-invalid=\"false\" placeholder=\"Telegramm-ID (*)\" value=\"\" type=\"text\" name=\"your-telegramid\" \/><\/span>\n<\/p>\n<p><span class=\"wpcf7-form-control-wrap\" data-name=\"your-message\"><textarea cols=\"40\" rows=\"10\" maxlength=\"2000\" class=\"wpcf7-form-control wpcf7-textarea\" aria-invalid=\"false\" placeholder=\"Ihre Nachricht\" name=\"your-message\"><\/textarea><\/span>\n<\/p>\n<p><input class=\"wpcf7-form-control wpcf7-submit has-spinner\" type=\"submit\" value=\"Nachricht senden\" \/>\n<\/p><div class=\"wpcf7-response-output\" aria-hidden=\"true\"><\/div>\n<\/form>\n<\/div>\n<\/div><\/div>[\/vc_column_inner][\/vc_row_inner][\/vc_column][\/vc_row][vc_row][vc_column]<div class=\"cz_gap clr \" style=\"height: 100px\"><\/div><div class=\"cz_btn_center\"><div class=\"cz_92508_p clr wpb_animate_when_almost_visible fadeInUp\"><a id=\"cz_92508\" class=\"cz_92508 cz_btn cz_btn_show_hidden_icon cz_btn_zoom_in\" href=\"https:\/\/t.me\/aradsupport\" target=\"_blank\"><span><i class=\"fab fa-telegram\"><\/i><strong>Kontaktiere uns<\/strong><\/span><b class=\"cz_btn_onhover\"><i class=\"fab fa-telegram\"><\/i><strong>Kontaktiere uns<\/strong><\/b><\/a><\/div><\/div>[\/vc_column][\/vc_row]<\/p>\n","protected":false},"excerpt":{"rendered":"<p>[vc_row css=&#8221;.vc_custom_1529481597238{margin-top: 0px !important;}&#8221;][vc_column][\/vc_column][\/vc_row][vc_row full_width=&#8221;stretch_row&#8221; css=&#8221;.vc_custom_1529393481052{background-image: url(https:\/\/xtratheme.com\/smart-home\/wp-content\/uploads\/sites\/58\/2018\/06\/bg1.jpg?id=505) !important;background-position: 0 0 !important;background-repeat: &#8230; <\/p>\n","protected":false},"author":1,"featured_media":0,"parent":0,"menu_order":0,"comment_status":"closed","ping_status":"closed","template":"","meta":{"footnotes":""},"yst_prominent_words":[],"class_list":["post-14","page","type-page","status-publish","hentry"],"_links":{"self":[{"href":"https:\/\/smartbotsland.com\/de\/wp-json\/wp\/v2\/pages\/14"}],"collection":[{"href":"https:\/\/smartbotsland.com\/de\/wp-json\/wp\/v2\/pages"}],"about":[{"href":"https:\/\/smartbotsland.com\/de\/wp-json\/wp\/v2\/types\/page"}],"author":[{"embeddable":true,"href":"https:\/\/smartbotsland.com\/de\/wp-json\/wp\/v2\/users\/1"}],"replies":[{"embeddable":true,"href":"https:\/\/smartbotsland.com\/de\/wp-json\/wp\/v2\/comments?post=14"}],"version-history":[{"count":41,"href":"https:\/\/smartbotsland.com\/de\/wp-json\/wp\/v2\/pages\/14\/revisions"}],"predecessor-version":[{"id":1609,"href":"https:\/\/smartbotsland.com\/de\/wp-json\/wp\/v2\/pages\/14\/revisions\/1609"}],"wp:attachment":[{"href":"https:\/\/smartbotsland.com\/de\/wp-json\/wp\/v2\/media?parent=14"}],"wp:term":[{"taxonomy":"yst_prominent_words","embeddable":true,"href":"https:\/\/smartbotsland.com\/de\/wp-json\/wp\/v2\/yst_prominent_words?post=14"}],"curies":[{"name":"wp","href":"https:\/\/api.w.org\/{rel}","templated":true}]}}