{"id":864,"date":"2018-05-29T11:11:20","date_gmt":"2018-05-29T07:41:20","guid":{"rendered":"http:\/\/xtratheme.com\/default\/?page_id=7"},"modified":"2021-06-13T12:04:57","modified_gmt":"2021-06-13T08:34:57","slug":"about-us","status":"publish","type":"page","link":"https:\/\/smartbotsland.com\/de\/about-us\/","title":{"rendered":"\u00dcber Uns"},"content":{"rendered":"<p>[vc_row full_width=&#8221;stretch_row&#8221; css=&#8221;.vc_custom_1601884085620{background-image: url(https:\/\/smartbotsland.com\/de\/wp-content\/uploads\/2020\/10\/bgsmartbotsland.jpg?id=1176) !important;background-position: 0 0 !important;background-repeat: no-repeat !important;}&#8221;][vc_column]<div class=\"cz_gap clr  hide_on_mobile\" style=\"height: 145px\"><\/div><div class=\"cz_gap show_on_mobile clr\" style=\"height: 50px\"><\/div>[vc_row_inner][vc_column_inner width=&#8221;1\/2&#8243;]<div class=\"cz_gap clr \" style=\"height: 30px\"><\/div><div class=\"clr cz_parallax_v_10\"><div id=\"cz_86765\" class=\"cz_86765 cz_image clr cz_image_no_fx center_on_mobile\"><div class=\"\" ><div class=\"cz_image_in\" data-tilt><div class=\"cz_main_image\"><img decoding=\"async\" width=\"800\" height=\"600\" src=\"data:image\/svg+xml,%3Csvg%20xmlns%3D&#39;http%3A%2F%2Fwww.w3.org%2F2000%2Fsvg&#39;%20width=&#39;800&#39;%20height=&#39;600&#39;%20viewBox%3D&#39;0%200%20800%20600&#39;%2F%3E\" data-czlz data-src=\"https:\/\/smartbotsland.com\/de\/wp-content\/uploads\/2020\/10\/about-us-smart-bot-land.jpg\" class=\"attachment-full\" alt=\"About Us SmartBotsLand\" data-srcset=\"https:\/\/smartbotsland.com\/de\/wp-content\/uploads\/2020\/10\/about-us-smart-bot-land.jpg 800w, https:\/\/smartbotsland.com\/de\/wp-content\/uploads\/2020\/10\/about-us-smart-bot-land-300x225.jpg 300w, https:\/\/smartbotsland.com\/de\/wp-content\/uploads\/2020\/10\/about-us-smart-bot-land-768x576.jpg 768w, https:\/\/smartbotsland.com\/de\/wp-content\/uploads\/2020\/10\/about-us-smart-bot-land-600x450.jpg 600w\" data-sizes=\"(max-width: 800px) 100vw, 800px\" \/><\/div><\/div><\/div><\/div><\/div>[\/vc_column_inner][vc_column_inner width=&#8221;1\/2&#8243;]<div id=\"cz_29765\" class=\"cz_29765 cz_title clr cz_mobile_text_center cz_title_ba_line cz_title_pos_inline wpb_animate_when_almost_visible fadeIn\"><div class=\"cz_title_content\"><div class=\"cz_wpe_content\"><h3><span style=\"font-size: 16px; color: #2e3192;\">WER WIR SIND?<\/span><\/h3>\n<\/div><div class=\"cz_title_line cz_line_after_title\"><span>_<\/span><\/div><\/div><\/div><div id=\"cz_81420\" class=\"cz_81420 cz_title clr cz_mobile_text_center cz_title_pos_inline wpb_animate_when_almost_visible fadeIn\"><div class=\"cz_title_content\"><div class=\"cz_wpe_content\"><h2>Telegram Bots<\/h2>\n<\/div><\/div><\/div><div id=\"cz_92891\" class=\"cz_92891 cz_title clr cz_mobile_text_center cz_title_pos_inline wpb_animate_when_almost_visible fadeIn\"><div class=\"cz_title_content\"><div class=\"cz_wpe_content\"><p style=\"text-align: justify;\"><span style=\"color: #666666;\">Hallo smartbotsland-Mitglieder. Der Telegram Messenger ist in den letzten Jahren aufgrund hervorragender Funktionen stark gewachsen. Eine dieser erstaunlichen Funktionen von Telegram sind die Bots, die skalierbar sind und Sie verwenden k\u00f6nnen, um eine starke Pr\u00e4senz bei digitalen Aktivit\u00e4ten wie Telegram-Marketing zu erzielen, um Ihr Gesch\u00e4ft auszubauen.<\/span><\/p>\n<\/div><\/div><\/div><div class=\"cz_gap clr \" style=\"height: 80px\"><\/div>[\/vc_column_inner][\/vc_row_inner]<div class=\"cz_gap clr  hide_on_tablet hide_on_mobile\" style=\"height: 80px\"><\/div><div class=\"cz_gap show_on_tablet clr  show_only_tablet\" style=\"height: 30px\"><\/div><div class=\"cz_gap show_on_mobile clr\" style=\"height: 10px\"><\/div>[\/vc_column][\/vc_row][vc_row full_width=&#8221;stretch_row&#8221; css=&#8221;.vc_custom_1601883417428{background-image: url(https:\/\/xtratheme.com\/smart-home\/wp-content\/uploads\/sites\/58\/2018\/06\/bg2.jpg?id=506) !important;background-position: 0 0 !important;background-repeat: no-repeat !important;}&#8221;][vc_column][vc_row_inner][vc_column_inner width=&#8221;1\/2&#8243;]<div id=\"cz_45429\" class=\"cz_45429 cz_title clr cz_mobile_text_center cz_title_ba_line cz_title_pos_inline wpb_animate_when_almost_visible fadeIn\"><div class=\"cz_title_content\"><div class=\"cz_wpe_content\"><h3><span style=\"letter-spacing: 3px; color: #2e3192; font-size: 16px; font-weight: 400;\">UNSER TEAM<\/span><\/h3>\n<\/div><div class=\"cz_title_line cz_line_after_title\"><span>_<\/span><\/div><\/div><\/div><div id=\"cz_97625\" class=\"cz_97625 cz_title clr cz_mobile_text_center cz_title_pos_inline wpb_animate_when_almost_visible fadeIn\"><div class=\"cz_title_content\"><div class=\"cz_wpe_content\"><h2>Unsere Mission &amp; Vision<\/h2>\n<\/div><\/div><\/div><div id=\"cz_82957\" class=\"cz_82957 cz_title clr cz_mobile_text_center cz_title_pos_inline wpb_animate_when_almost_visible fadeIn\"><div class=\"cz_title_content\"><div class=\"cz_wpe_content\"><p style=\"text-align: justify;\"><span style=\"color: #666666;\">Unsere Mission bei SmartBotsland ist es, Ihnen dabei zu helfen, Ihren Telegram-Bot mithilfe des SmartBotsland-Bot-Maker-Panels einfach zu erstellen, damit Sie die Kommunikation mit Ihren Kunden erleichtern, Ihren Umsatz und Umsatz steigern, die Interaktion mit Ihren Mitarbeitern verbessern oder dieses System sogar zur Eigenwerbung verwenden k\u00f6nnen usw. Sie k\u00f6nnen den SmartBotsLand Bot Maker auch verwenden, um sich oder Ihrem Unternehmen einen Wettbewerbsvorteil gegen\u00fcber Ihren Mitbewerbern zu verschaffen. Auf diese Weise steht Ihnen unser Support-Team zur Seite. Denn der Verkauf ist der Beginn einer Verpflichtung.<\/span><\/p>\n<\/div><\/div><\/div><div class=\"cz_gap clr \" style=\"height: 50px\"><\/div>[\/vc_column_inner][vc_column_inner width=&#8221;1\/2&#8243;]<div class=\"cz_gap clr  hide_on_tablet hide_on_mobile\" style=\"height: 30px\"><\/div><div class=\"cz_gap show_on_tablet clr  show_only_tablet\" style=\"height: 10px\"><\/div><div class=\"cz_gap show_on_mobile clr\" style=\"height: 10px\"><\/div><div class=\"clr cz_parallax_v_10\"><div id=\"cz_39196\" class=\"cz_39196 cz_image clr cz_image_no_fx center_on_mobile wpb_animate_when_almost_visible fadeInRight\"><div class=\"\" ><div class=\"cz_image_in\" data-tilt><div class=\"cz_main_image\"><img decoding=\"async\" width=\"800\" height=\"600\" src=\"data:image\/svg+xml,%3Csvg%20xmlns%3D&#39;http%3A%2F%2Fwww.w3.org%2F2000%2Fsvg&#39;%20width=&#39;800&#39;%20height=&#39;600&#39;%20viewBox%3D&#39;0%200%20800%20600&#39;%2F%3E\" data-czlz data-src=\"https:\/\/smartbotsland.com\/de\/wp-content\/uploads\/2020\/10\/about-us2-smart-bot-land.jpg\" class=\"attachment-full\" alt=\"About Us SmartBotsLand\" data-srcset=\"https:\/\/smartbotsland.com\/de\/wp-content\/uploads\/2020\/10\/about-us2-smart-bot-land.jpg 800w, https:\/\/smartbotsland.com\/de\/wp-content\/uploads\/2020\/10\/about-us2-smart-bot-land-300x225.jpg 300w, https:\/\/smartbotsland.com\/de\/wp-content\/uploads\/2020\/10\/about-us2-smart-bot-land-768x576.jpg 768w, https:\/\/smartbotsland.com\/de\/wp-content\/uploads\/2020\/10\/about-us2-smart-bot-land-600x450.jpg 600w\" data-sizes=\"(max-width: 800px) 100vw, 800px\" \/><\/div><\/div><\/div><\/div><\/div>[\/vc_column_inner][\/vc_row_inner]<div class=\"cz_gap clr  hide_on_tablet hide_on_mobile\" style=\"height: 50px\"><\/div><div class=\"cz_gap show_on_tablet clr  show_only_tablet\" style=\"height: 20px\"><\/div><div class=\"cz_gap show_on_mobile clr\" style=\"height: 15px\"><\/div><div id=\"cz_17955\" class=\"cz_17955 cz_title clr cz_title_pos_inline tac wpb_animate_when_almost_visible fadeIn\"><div class=\"cz_title_content\"><div class=\"cz_wpe_content\"><h2 style=\"text-align: center;\">Bist du bereit, bei uns mitzumachen?<\/h2>\n<\/div><\/div><\/div><div class=\"cz_gap clr  hide_on_tablet hide_on_mobile\" style=\"height: 30px\"><\/div><div class=\"cz_gap show_on_tablet clr  show_only_tablet\" style=\"height: 10px\"><\/div><div class=\"cz_gap show_on_mobile clr\" style=\"height: 5px\"><\/div><div class=\"cz_btn_center\"><div class=\"cz_49154_p clr wpb_animate_when_almost_visible fadeIn\"><a id=\"cz_49154\" class=\"cz_49154 cz_btn cz_btn_txt_move_right cz_btn_no_fx cz_btn_icon_after\" href=\"https:\/\/smartbotsland.com\/pricing\/\"><span><strong>Loslegen<\/strong><i class=\"fa fa-caret-right\"><\/i><\/span><b class=\"cz_btn_onhover\"><strong>Loslegen<\/strong><i class=\"fa fa-caret-right\"><\/i><\/b><\/a><\/div><\/div><div class=\"cz_gap clr  hide_on_tablet hide_on_mobile\" style=\"height: 50px\"><\/div><div class=\"cz_gap show_on_tablet clr  show_only_tablet\" style=\"height: 20px\"><\/div><div class=\"cz_gap show_on_mobile clr\" style=\"height: 10px\"><\/div><div id=\"cz_50005\" class=\"cz_50005 cz_social_icons cz_social clr cz_social_fx_4 tac\"><a href=\"https:\/\/www.instagram.com\/smartbotsland\/\" class=\"cz-instagram\" target=\"_blank\" rel=\"noopener noreferrer\" title=\"Instagram\" aria-label=\"Instagram\"><i class=\"fab fa-instagram\"><\/i><\/a><a href=\"https:\/\/youtube.com\/channel\/UCexzIEeDLPZpGvtZCOkVygw\" class=\"cz-youtube\" target=\"_blank\" rel=\"noopener noreferrer\" title=\"Youtube\" aria-label=\"Youtube\"><i class=\"fab fa-youtube\"><\/i><\/a><a href=\"mailto:info@smartbotsland.com\" class=\"cz-envelope\" target=\"_blank\" rel=\"noopener noreferrer\" title=\"Email\" aria-label=\"Email\"><i class=\"fas fa-envelope\"><\/i><\/a><\/div>[\/vc_column][\/vc_row]<\/p>\n","protected":false},"excerpt":{"rendered":"<p>[vc_row full_width=&#8221;stretch_row&#8221; css=&#8221;.vc_custom_1601884085620{background-image: url(https:\/\/smartbotsland.com\/de\/wp-content\/uploads\/2020\/10\/bgsmartbotsland.jpg?id=1176) !important;background-position: 0 0 !important;background-repeat: no-repeat !important;}&#8221;][vc_column][vc_row_inner][vc_column_inner width=&#8221;1\/2&#8243;][\/vc_column_inner][vc_column_inner &#8230; <\/p>\n","protected":false},"author":1,"featured_media":0,"parent":0,"menu_order":0,"comment_status":"closed","ping_status":"closed","template":"","meta":{"footnotes":""},"yst_prominent_words":[],"class_list":["post-864","page","type-page","status-publish","hentry"],"_links":{"self":[{"href":"https:\/\/smartbotsland.com\/de\/wp-json\/wp\/v2\/pages\/864"}],"collection":[{"href":"https:\/\/smartbotsland.com\/de\/wp-json\/wp\/v2\/pages"}],"about":[{"href":"https:\/\/smartbotsland.com\/de\/wp-json\/wp\/v2\/types\/page"}],"author":[{"embeddable":true,"href":"https:\/\/smartbotsland.com\/de\/wp-json\/wp\/v2\/users\/1"}],"replies":[{"embeddable":true,"href":"https:\/\/smartbotsland.com\/de\/wp-json\/wp\/v2\/comments?post=864"}],"version-history":[{"count":49,"href":"https:\/\/smartbotsland.com\/de\/wp-json\/wp\/v2\/pages\/864\/revisions"}],"predecessor-version":[{"id":1633,"href":"https:\/\/smartbotsland.com\/de\/wp-json\/wp\/v2\/pages\/864\/revisions\/1633"}],"wp:attachment":[{"href":"https:\/\/smartbotsland.com\/de\/wp-json\/wp\/v2\/media?parent=864"}],"wp:term":[{"taxonomy":"yst_prominent_words","embeddable":true,"href":"https:\/\/smartbotsland.com\/de\/wp-json\/wp\/v2\/yst_prominent_words?post=864"}],"curies":[{"name":"wp","href":"https:\/\/api.w.org\/{rel}","templated":true}]}}